{"id":12,"date":"2025-08-26T07:33:46","date_gmt":"2025-08-26T07:33:46","guid":{"rendered":"http:\/\/luciedurand.fr\/?page_id=12"},"modified":"2026-02-19T17:27:24","modified_gmt":"2026-02-19T17:27:24","slug":"modalites-de-rendez-vous","status":"publish","type":"page","link":"https:\/\/luciedurand.fr\/?page_id=12","title":{"rendered":"Modalit\u00e9s de rendez-vous"},"content":{"rendered":"\n<h2 class=\"wp-block-heading is-style-default\">Comment se passe un rendez-vous ?<\/h2>\n\n\n\n<p>Les s\u00e9ances durent <strong>45 minutes<\/strong>, \u00e0 un tarif de <strong>60 euros<\/strong>.<\/p>\n\n\n\n<p>Il n&rsquo;y a pas de remboursement pour les s\u00e9ances, sauf de la part de certaines mutuelles. R\u00e8glement uniquement par <strong>esp\u00e8ces ou virement bancaire avant la s\u00e9ance <\/strong>(pas de r\u00e8glement par carte bancaire ou ch\u00e8que).<\/p>\n\n\n\n<p>Dans un premier temps, <strong>les<\/strong> <strong>s\u00e9ances ont lieu toutes les 2 semaines<\/strong>. Au fur et \u00e0 mesure que la th\u00e9rapie avance et en fonction des besoins, les s\u00e9ances sont plus espac\u00e9es. On pr\u00e9voit un <strong>maximum de 10 s\u00e9ances sur une probl\u00e9matique<\/strong>. S&rsquo;il n&rsquo;y a aucune \u00e9volution de la situation, une r\u00e9orientation sera propos\u00e9e.<\/p>\n\n\n\n<p>Les rendez-vous annul\u00e9s moins de 48 heures avant la s\u00e9ance seront factur\u00e9s, dans la mesure o\u00f9 ces cr\u00e9neaux auraient pu b\u00e9n\u00e9ficier \u00e0 d&rsquo;autres personnes.<\/p>\n\n\n\n<hr class=\"wp-block-separator has-alpha-channel-opacity\"\/>\n\n\n\n<h2 class=\"wp-block-heading\">Le probl\u00e8me concerne votre enfant ?<\/h2>\n\n\n\n<p>Lorsque le probl\u00e8me concerne votre enfant (moins de 18 ans), je ne re\u00e7ois <strong>jamais <\/strong>les enfants en premi\u00e8re s\u00e9ance.<\/p>\n\n\n\n<p><strong>Le premier rendez-vous est toujours avec le(s) parent(s) uniquement.<\/strong><\/p>\n\n\n\n<hr class=\"wp-block-separator has-alpha-channel-opacity\"\/>\n\n\n\n<h2 class=\"wp-block-heading\">Pour fixer un rendez-vous :<\/h2>\n\n\n\n<p>Je vous accueille en pr\u00e9sentiel sur Angers ou en Visio.<\/p>\n\n\n\n<p>En pr\u00e9sentiel : j&rsquo;ai deux lieux pour vous accueillir en rendez-vous  :<\/p>\n\n\n\n<div class=\"wp-block-columns is-layout-flex wp-container-core-columns-is-layout-28f84493 wp-block-columns-is-layout-flex\">\n<div class=\"wp-block-column is-layout-flow wp-block-column-is-layout-flow\">\n<ol class=\"wp-block-list\">\n<li>Le tiers lieu <strong>la Bulle en bois<\/strong>, 11 rue Alexandre Fleming 49000 ANGERS (quartier Belle-Beille)<\/li>\n<\/ol>\n\n\n\n<p> <a href=\"https:\/\/labulleenbois.fr\/\">https:\/\/labulleenbois.fr\/<\/a><\/p>\n\n\n\n<p>Arr\u00eat de tram : Belle-Beille Campus<\/p>\n\n\n\n<p>Arr\u00eat de bus : 2 (Belle-Beille Campus)<\/p>\n\n\n\n<p>Parking du campus Belle Beille \u00e0 proximit\u00e9<br><\/p>\n<\/div>\n\n\n\n<div class=\"wp-block-column is-layout-flow wp-block-column-is-layout-flow\">\n<iframe src=\"https:\/\/www.google.com\/maps\/embed?pb=!1m18!1m12!1m3!1d2696.6135630250483!2d-0.6068756231425144!3d47.47795947117835!2m3!1f0!2f0!3f0!3m2!1i1024!2i768!4f13.1!3m3!1m2!1s0x48087fe1bf76d5f5%3A0xf94cea722b1733e2!2sLa%20Bulle%20en%20Bois%20caf%C3%A9-cantine!5e0!3m2!1sfr!2sfr!4v1758829475049!5m2!1sfr!2sfr\" width=\"400\" height=\"300\" style=\"border:0;\" allowfullscreen=\"\" loading=\"lazy\" referrerpolicy=\"no-referrer-when-downgrade\"><\/iframe>\n<\/div>\n<\/div>\n\n\n\n<div class=\"wp-block-columns is-layout-flex wp-container-core-columns-is-layout-28f84493 wp-block-columns-is-layout-flex\">\n<div class=\"wp-block-column is-layout-flow wp-block-column-is-layout-flow\">\n<p>2. Le cabinet du <strong>4 rue Ren\u00e9 Rouchy<\/strong> \u00e0 Angers.<\/p>\n\n\n\n<p>Arr\u00eat de tram : Berges de Maine<\/p>\n\n\n\n<p>Arr\u00eat de bus : 9 (Berges de Maine) et 10 (place Ney)<\/p>\n\n\n\n<p>Parking du cin\u00e9ma Gaumont \/ Ice Park \u00e0 proximit\u00e9<\/p>\n<\/div>\n\n\n\n<div class=\"wp-block-column is-layout-flow wp-block-column-is-layout-flow\">\n<p><a href=\"\"><\/a><\/p>\n\n\n\n<iframe src=\"https:\/\/www.google.com\/maps\/embed?pb=!1m18!1m12!1m3!1d5393.028040167044!2d-0.5493462231024514!3d47.479898996717594!2m3!1f0!2f0!3f0!3m2!1i1024!2i768!4f13.1!3m3!1m2!1s0x480878e433dd6791%3A0xf90e2926b474755!2s4%20Rue%20Ren%C3%A9%20Rouchy%2C%2049100%20Angers!5e0!3m2!1sfr!2sfr!4v1756283138873!5m2!1sfr!2sfr\" width=\"400\" height=\"300\" style=\"border:0;\" allowfullscreen=\"\" loading=\"lazy\" referrerpolicy=\"no-referrer-when-downgrade\"><\/iframe>\n<\/div>\n<\/div>\n\n\n\n<p class=\"has-text-align-center\"><\/p>\n","protected":false},"excerpt":{"rendered":"<p>Comment se passe un rendez-vous ? Les s\u00e9ances durent 45 minutes, \u00e0 un tarif de 60 euros. Il n&rsquo;y a pas de remboursement pour les s\u00e9ances, sauf de la part de certaines mutuelles. R\u00e8glement uniquement par esp\u00e8ces ou virement bancaire avant la s\u00e9ance (pas de r\u00e8glement par carte bancaire ou ch\u00e8que). Dans un premier temps, [&hellip;]<\/p>\n","protected":false},"author":1,"featured_media":0,"parent":0,"menu_order":2,"comment_status":"closed","ping_status":"closed","template":"","meta":{"footnotes":""},"class_list":["post-12","page","type-page","status-publish","hentry"],"_links":{"self":[{"href":"https:\/\/luciedurand.fr\/index.php?rest_route=\/wp\/v2\/pages\/12","targetHints":{"allow":["GET"]}}],"collection":[{"href":"https:\/\/luciedurand.fr\/index.php?rest_route=\/wp\/v2\/pages"}],"about":[{"href":"https:\/\/luciedurand.fr\/index.php?rest_route=\/wp\/v2\/types\/page"}],"author":[{"embeddable":true,"href":"https:\/\/luciedurand.fr\/index.php?rest_route=\/wp\/v2\/users\/1"}],"replies":[{"embeddable":true,"href":"https:\/\/luciedurand.fr\/index.php?rest_route=%2Fwp%2Fv2%2Fcomments&post=12"}],"version-history":[{"count":21,"href":"https:\/\/luciedurand.fr\/index.php?rest_route=\/wp\/v2\/pages\/12\/revisions"}],"predecessor-version":[{"id":180,"href":"https:\/\/luciedurand.fr\/index.php?rest_route=\/wp\/v2\/pages\/12\/revisions\/180"}],"wp:attachment":[{"href":"https:\/\/luciedurand.fr\/index.php?rest_route=%2Fwp%2Fv2%2Fmedia&parent=12"}],"curies":[{"name":"wp","href":"https:\/\/api.w.org\/{rel}","templated":true}]}}