{"id":18,"date":"2025-08-26T08:06:42","date_gmt":"2025-08-26T08:06:42","guid":{"rendered":"http:\/\/luciedurand.fr\/?page_id=18"},"modified":"2025-09-26T13:48:48","modified_gmt":"2025-09-26T13:48:48","slug":"therapie-breve-strategique-et-systemique-selon-le-modele-de-palo-alto","status":"publish","type":"page","link":"https:\/\/luciedurand.fr\/","title":{"rendered":"Th\u00e9rapie br\u00e8ve, strat\u00e9gique et syst\u00e9mique selon le mod\u00e8le de Palo Alto \u00e0 Angers"},"content":{"rendered":"\n<h2 class=\"wp-block-heading\">\u00c0 qui s&rsquo;adresse la th\u00e9rapie ?<\/h2>\n\n\n\n<p>Cette approche th\u00e9rapeutique s&rsquo;adresse aux <strong>enfants, jeunes et adultes<\/strong> en <strong>souffrance relationnelle<\/strong> dans les domaines suivants :<\/p>\n\n\n\n<ul class=\"wp-block-list\">\n<li><strong>Scolaire<\/strong><\/li>\n\n\n\n<li><strong>Professionnel<\/strong><\/li>\n\n\n\n<li><strong>Familial<\/strong><\/li>\n\n\n\n<li><strong>Amoureux<\/strong><\/li>\n\n\n\n<li><strong>Amical<\/strong><\/li>\n\n\n\n<li><strong>Social<\/strong> (voisinage, &#8230;)<\/li>\n<\/ul>\n\n\n\n<hr class=\"wp-block-separator has-alpha-channel-opacity\"\/>\n\n\n\n<h2 class=\"wp-block-heading\">Dans quelle situation la th\u00e9rapie peut vous aider ?<\/h2>\n\n\n\n<p>Cette th\u00e9rapie peut vous aider si vous \u00eates<strong> en souffrance relationnelle <\/strong>et que vous \u00eates <strong>bloqu\u00e9.e <\/strong>dans :<\/p>\n\n\n\n<ul class=\"wp-block-list\">\n<li>des <strong>cercles vicieux <\/strong>dans vos <em><strong>relations aux autres<\/strong><\/em> : situation de harc\u00e8lement, conflits dans la famille \/ le couple \/ au travail \/ le cercle amical \/ l&rsquo;entourage&#8230;<\/li>\n\n\n\n<li>des <strong>habitudes ou sch\u00e9mas qui vont font souffrir<\/strong> dans votre relation \u00e0 vous-m\u00eame : gestion des <strong>\u00e9motions<\/strong>, alimentation, sommeil&#8230;<\/li>\n<\/ul>\n\n\n\n<p><strong>Des situations o\u00f9 vous avez tout essay\u00e9 mais rien ne change.<\/strong><\/p>\n\n\n\n<hr class=\"wp-block-separator has-alpha-channel-opacity\"\/>\n\n\n\n<div class=\"wp-block-columns is-layout-flex wp-container-core-columns-is-layout-28f84493 wp-block-columns-is-layout-flex\">\n<div class=\"wp-block-column is-layout-flow wp-block-column-is-layout-flow\" style=\"flex-basis:33.33%\">\n<figure class=\"wp-block-image size-large\"><img loading=\"lazy\" decoding=\"async\" width=\"601\" height=\"1024\" src=\"https:\/\/luciedurand.fr\/wp-content\/uploads\/2025\/08\/IMG_5906-601x1024.jpg\" alt=\"Arbre color\u00e9\" class=\"wp-image-47\" srcset=\"https:\/\/luciedurand.fr\/wp-content\/uploads\/2025\/08\/IMG_5906-601x1024.jpg 601w, https:\/\/luciedurand.fr\/wp-content\/uploads\/2025\/08\/IMG_5906-176x300.jpg 176w, https:\/\/luciedurand.fr\/wp-content\/uploads\/2025\/08\/IMG_5906-768x1309.jpg 768w, https:\/\/luciedurand.fr\/wp-content\/uploads\/2025\/08\/IMG_5906-901x1536.jpg 901w, https:\/\/luciedurand.fr\/wp-content\/uploads\/2025\/08\/IMG_5906-1201x2048.jpg 1201w, https:\/\/luciedurand.fr\/wp-content\/uploads\/2025\/08\/IMG_5906-scaled.jpg 1502w\" sizes=\"auto, (max-width: 601px) 100vw, 601px\" \/><\/figure>\n<\/div>\n\n\n\n<div class=\"wp-block-column is-layout-flow wp-block-column-is-layout-flow\" style=\"flex-basis:66.66%\">\n<h2 class=\"wp-block-heading\">La m\u00e9taphore de l&rsquo;arbre et de la for\u00eat<\/h2>\n\n\n\n<p>Dans nos diff\u00e9rentes sph\u00e8res relationnelles, nous sommes chacun comme un arbre dans une for\u00eat. Nous faisons partie d&rsquo;un \u00e9cosyst\u00e8me qui nous d\u00e9passe, et que nous influen\u00e7ons chacun \u00e0 notre niveau. En parall\u00e8le, nous avons aussi un \u00e9cosyst\u00e8me int\u00e9rieur. A ces diff\u00e9rentes \u00e9chelles, des habitudes s&rsquo;installent et peuvent nous faire souffrir. Pour initier un changement pour l&rsquo;arbre, il faut prendre en compte le contexte dans lequel il se situe et les dynamiques qui sont \u00e0 l&rsquo;oeuvre, autour de lui, dans la for\u00eat, et en lui. On peut alors tenter des choses diff\u00e9rentes de ce qui a \u00e9t\u00e9 fait pr\u00e9c\u00e9demment mais qui malheureusement n&rsquo;a pas fonctionn\u00e9, et tenter un virage \u00e0 180\u00b0&#8230;<\/p>\n<\/div>\n<\/div>\n\n\n\n<hr class=\"wp-block-separator has-alpha-channel-opacity\"\/>\n\n\n\n<h2 class=\"wp-block-heading\">C&rsquo;est quoi la th\u00e9rapie br\u00e8ve selon le mod\u00e8le de Palo Alto ?<\/h2>\n\n\n\n<div class=\"wp-block-columns is-layout-flex wp-container-core-columns-is-layout-28f84493 wp-block-columns-is-layout-flex\">\n<div class=\"wp-block-column is-layout-flow wp-block-column-is-layout-flow\" style=\"flex-basis:66.66%\">\n<p>C&rsquo;est une th\u00e9rapie <strong>syst\u00e9mique<\/strong> :<\/p>\n\n\n\n<p>\u00ab\u00a0On soigne les relations, pas les personnes.\u00a0\u00bb<\/p>\n\n\n\n<p>On s&rsquo;int\u00e9resse \u00e0 la personne qui souffre dans le <strong>contexte relationnel <\/strong>dans lequel se situe le probl\u00e8me et on s&rsquo;int\u00e9resse <strong>plus au fonctionnement actuel du probl\u00e8me <\/strong>qu&rsquo;\u00e0 ses causes.<\/p>\n<\/div>\n\n\n\n<div class=\"wp-block-column is-layout-flow wp-block-column-is-layout-flow\" style=\"flex-basis:33.33%\">\n<figure class=\"wp-block-image aligncenter size-full\"><img loading=\"lazy\" decoding=\"async\" width=\"1024\" height=\"768\" src=\"https:\/\/luciedurand.fr\/wp-content\/uploads\/2025\/09\/Plan-de-travail-1lucie-durand-therapie-breve.png\" alt=\"\" class=\"wp-image-130\" srcset=\"https:\/\/luciedurand.fr\/wp-content\/uploads\/2025\/09\/Plan-de-travail-1lucie-durand-therapie-breve.png 1024w, https:\/\/luciedurand.fr\/wp-content\/uploads\/2025\/09\/Plan-de-travail-1lucie-durand-therapie-breve-300x225.png 300w, https:\/\/luciedurand.fr\/wp-content\/uploads\/2025\/09\/Plan-de-travail-1lucie-durand-therapie-breve-768x576.png 768w\" sizes=\"auto, (max-width: 1024px) 100vw, 1024px\" \/><\/figure>\n<\/div>\n<\/div>\n\n\n\n<div class=\"wp-block-columns is-layout-flex wp-container-core-columns-is-layout-28f84493 wp-block-columns-is-layout-flex\">\n<div class=\"wp-block-column is-layout-flow wp-block-column-is-layout-flow\" style=\"flex-basis:33.33%\">\n<figure class=\"wp-block-image aligncenter size-full\"><img loading=\"lazy\" decoding=\"async\" width=\"1024\" height=\"768\" src=\"https:\/\/luciedurand.fr\/wp-content\/uploads\/2025\/09\/Plan-de-travail-1-copie-2lucie-durand-therapie-breve.png\" alt=\"\" class=\"wp-image-131\" srcset=\"https:\/\/luciedurand.fr\/wp-content\/uploads\/2025\/09\/Plan-de-travail-1-copie-2lucie-durand-therapie-breve.png 1024w, https:\/\/luciedurand.fr\/wp-content\/uploads\/2025\/09\/Plan-de-travail-1-copie-2lucie-durand-therapie-breve-300x225.png 300w, https:\/\/luciedurand.fr\/wp-content\/uploads\/2025\/09\/Plan-de-travail-1-copie-2lucie-durand-therapie-breve-768x576.png 768w\" sizes=\"auto, (max-width: 1024px) 100vw, 1024px\" \/><\/figure>\n<\/div>\n\n\n\n<div class=\"wp-block-column is-layout-flow wp-block-column-is-layout-flow\" style=\"flex-basis:66.66%\">\n<p>C&rsquo;est une th\u00e9rapie <strong>strat\u00e9gique<\/strong> : On travaille toujours <strong>selon l&rsquo;objectif de la personne<\/strong>. C&rsquo;est une th\u00e9rapie qui s&rsquo;inscrit dans l&rsquo;<strong>action<\/strong>. \u00c0 la fin de la s\u00e9ance on se met d&rsquo;accord sur une action \u00e0 exp\u00e9rimenter d&rsquo;ici au prochain rendez-vous.<\/p>\n<\/div>\n<\/div>\n\n\n\n<div class=\"wp-block-columns is-layout-flex wp-container-core-columns-is-layout-28f84493 wp-block-columns-is-layout-flex\">\n<div class=\"wp-block-column is-layout-flow wp-block-column-is-layout-flow\" style=\"flex-basis:66.66%\">\n<p>C&rsquo;est une th\u00e9rapie <strong>br\u00e8ve <\/strong>: On se donne un <strong>maximum de 10 s\u00e9ances<\/strong> sur une probl\u00e9matique. Si au bout des 10 s\u00e9ances la situation n&rsquo;a pas \u00e9volu\u00e9, on proposera une r\u00e9orientation.<\/p>\n<\/div>\n\n\n\n<div class=\"wp-block-column is-layout-flow wp-block-column-is-layout-flow\" style=\"flex-basis:33.33%\">\n<figure class=\"wp-block-image aligncenter size-full\"><img loading=\"lazy\" decoding=\"async\" width=\"1024\" height=\"768\" src=\"https:\/\/luciedurand.fr\/wp-content\/uploads\/2025\/09\/Plan-de-travail-1-copielucie-durand-therapie-breve.png\" alt=\"\" class=\"wp-image-132\" srcset=\"https:\/\/luciedurand.fr\/wp-content\/uploads\/2025\/09\/Plan-de-travail-1-copielucie-durand-therapie-breve.png 1024w, https:\/\/luciedurand.fr\/wp-content\/uploads\/2025\/09\/Plan-de-travail-1-copielucie-durand-therapie-breve-300x225.png 300w, https:\/\/luciedurand.fr\/wp-content\/uploads\/2025\/09\/Plan-de-travail-1-copielucie-durand-therapie-breve-768x576.png 768w\" sizes=\"auto, (max-width: 1024px) 100vw, 1024px\" \/><\/figure>\n<\/div>\n<\/div>\n\n\n\n<h2 class=\"wp-block-heading\"><\/h2>\n\n\n\n<hr class=\"wp-block-separator has-alpha-channel-opacity\"\/>\n\n\n\n<h2 class=\"wp-block-heading\">Pour en savoir plus sur ce mod\u00e8le th\u00e9rapeutique<\/h2>\n\n\n\n<div class=\"wp-block-columns is-layout-flex wp-container-core-columns-is-layout-28f84493 wp-block-columns-is-layout-flex\">\n<div class=\"wp-block-column is-layout-flow wp-block-column-is-layout-flow\" style=\"flex-basis:33.33%\">\n<figure class=\"wp-block-image size-large is-resized\"><img loading=\"lazy\" decoding=\"async\" width=\"752\" height=\"1024\" src=\"https:\/\/luciedurand.fr\/wp-content\/uploads\/2025\/08\/Capture-decran-2025-08-26-a-15.14.02-752x1024.png\" alt=\"\" class=\"wp-image-52\" style=\"width:151px;height:auto\" srcset=\"https:\/\/luciedurand.fr\/wp-content\/uploads\/2025\/08\/Capture-decran-2025-08-26-a-15.14.02-752x1024.png 752w, https:\/\/luciedurand.fr\/wp-content\/uploads\/2025\/08\/Capture-decran-2025-08-26-a-15.14.02-220x300.png 220w, https:\/\/luciedurand.fr\/wp-content\/uploads\/2025\/08\/Capture-decran-2025-08-26-a-15.14.02-768x1046.png 768w, https:\/\/luciedurand.fr\/wp-content\/uploads\/2025\/08\/Capture-decran-2025-08-26-a-15.14.02.png 818w\" sizes=\"auto, (max-width: 752px) 100vw, 752px\" \/><\/figure>\n<\/div>\n\n\n\n<div class=\"wp-block-column is-layout-flow wp-block-column-is-layout-flow\" style=\"flex-basis:66.66%\">\n<ul class=\"wp-block-list\">\n<li><em>Manuel de survie face aux harceleurs et autres brutes de la cour d&rsquo;\u00e9cole <\/em>d&rsquo;Emmanuelle Piquet, Jean-Fran\u00e7ois Marmion et Camille Blandin (BD Psy &#8211; Les Ar\u00e8nes)<\/li>\n<\/ul>\n<\/div>\n<\/div>\n\n\n\n<div class=\"wp-block-columns is-layout-flex wp-container-core-columns-is-layout-28f84493 wp-block-columns-is-layout-flex\">\n<div class=\"wp-block-column is-layout-flow wp-block-column-is-layout-flow\" style=\"flex-basis:33.33%\">\n<figure class=\"wp-block-image size-large is-resized\"><img loading=\"lazy\" decoding=\"async\" width=\"701\" height=\"1024\" src=\"https:\/\/luciedurand.fr\/wp-content\/uploads\/2025\/08\/Capture-decran-2025-08-26-a-15.22.35-701x1024.png\" alt=\"\" class=\"wp-image-53\" style=\"width:151px;height:auto\" srcset=\"https:\/\/luciedurand.fr\/wp-content\/uploads\/2025\/08\/Capture-decran-2025-08-26-a-15.22.35-701x1024.png 701w, https:\/\/luciedurand.fr\/wp-content\/uploads\/2025\/08\/Capture-decran-2025-08-26-a-15.22.35-205x300.png 205w, https:\/\/luciedurand.fr\/wp-content\/uploads\/2025\/08\/Capture-decran-2025-08-26-a-15.22.35-768x1123.png 768w, https:\/\/luciedurand.fr\/wp-content\/uploads\/2025\/08\/Capture-decran-2025-08-26-a-15.22.35.png 810w\" sizes=\"auto, (max-width: 701px) 100vw, 701px\" \/><\/figure>\n<\/div>\n\n\n\n<div class=\"wp-block-column is-layout-flow wp-block-column-is-layout-flow\" style=\"flex-basis:66.66%\">\n<ul class=\"wp-block-list\">\n<li><em>Votre enfant face aux autres, l&rsquo;aider dans les relations difficiles<\/em> d&rsquo;Emmanuelle Piquet (Les Ar\u00e8nes)<\/li>\n<\/ul>\n<\/div>\n<\/div>\n\n\n\n<hr class=\"wp-block-separator has-alpha-channel-opacity\"\/>\n\n\n\n<h2 class=\"wp-block-heading\">Les origines du mod\u00e8le de Palo Alto<\/h2>\n\n\n\n<p>L&rsquo;approche syst\u00e9mique de Palo Alto est un courant de pens\u00e9e qui a vu le jour dans les ann\u00e9es 1950 aux Etats-Unis, en Californie dans la ville de&#8230; Palo Alto. Cette approche offre une <strong>vision radicalement nouvelle de la communication et des probl\u00e8mes humains<\/strong>. Cette r\u00e9volution a \u00e9t\u00e9 possible gr\u00e2ce \u00e0 <strong>Gr\u00e9gory Bateson<\/strong> (1904-1980), anthropologue et \u00e9pist\u00e9mologue, anim\u00e9 par la qu\u00eate du savoir. C&rsquo;est lui qui a r\u00e9uni en 1953 un groupe de chercheurs multidisciplinaire pour nourrir ce qui sera appel\u00e9 le projet Bateson. Ce qui r\u00e9unit tous ces chercheurs, dont Don Jackson, Paul Watzlawick, Richard Fish, Karin Schlanger, John Weakland, Jay Haley, c\u2019est un m\u00eame regard interactionnel sur le comportement humain et la communication. Ce nouveau paradigme invite \u00e0 <strong>penser le changement sous une approche interactionnelle, et non pas lin\u00e9aire <\/strong>(relation de cause \u00e0 effet). <\/p>\n\n\n\n<p>En 1959, une partie de l&rsquo;\u00e9quipe du projet Bateson souhaite d\u00e9velopper le volet th\u00e9rapeutique de cette nouvelle approche, ainsi est cr\u00e9\u00e9 le MRI (Mental Research Institute).\u00a0Le travail de Milton Erickson influencera fortement le d\u00e9veloppement du mod\u00e8le de Palo Alto.<\/p>\n\n\n\n<p><\/p>\n","protected":false},"excerpt":{"rendered":"<p>\u00c0 qui s&rsquo;adresse la th\u00e9rapie ? Cette approche th\u00e9rapeutique s&rsquo;adresse aux enfants, jeunes et adultes en souffrance relationnelle dans les domaines suivants : Dans quelle situation la th\u00e9rapie peut vous aider ? Cette th\u00e9rapie peut vous aider si vous \u00eates en souffrance relationnelle et que vous \u00eates bloqu\u00e9.e dans : Des situations o\u00f9 vous avez [&hellip;]<\/p>\n","protected":false},"author":1,"featured_media":0,"parent":0,"menu_order":1,"comment_status":"closed","ping_status":"closed","template":"","meta":{"footnotes":""},"class_list":["post-18","page","type-page","status-publish","hentry"],"_links":{"self":[{"href":"https:\/\/luciedurand.fr\/index.php?rest_route=\/wp\/v2\/pages\/18","targetHints":{"allow":["GET"]}}],"collection":[{"href":"https:\/\/luciedurand.fr\/index.php?rest_route=\/wp\/v2\/pages"}],"about":[{"href":"https:\/\/luciedurand.fr\/index.php?rest_route=\/wp\/v2\/types\/page"}],"author":[{"embeddable":true,"href":"https:\/\/luciedurand.fr\/index.php?rest_route=\/wp\/v2\/users\/1"}],"replies":[{"embeddable":true,"href":"https:\/\/luciedurand.fr\/index.php?rest_route=%2Fwp%2Fv2%2Fcomments&post=18"}],"version-history":[{"count":30,"href":"https:\/\/luciedurand.fr\/index.php?rest_route=\/wp\/v2\/pages\/18\/revisions"}],"predecessor-version":[{"id":175,"href":"https:\/\/luciedurand.fr\/index.php?rest_route=\/wp\/v2\/pages\/18\/revisions\/175"}],"wp:attachment":[{"href":"https:\/\/luciedurand.fr\/index.php?rest_route=%2Fwp%2Fv2%2Fmedia&parent=18"}],"curies":[{"name":"wp","href":"https:\/\/api.w.org\/{rel}","templated":true}]}}